{"id":102,"date":"2020-05-13T14:48:03","date_gmt":"2020-05-13T12:48:03","guid":{"rendered":"http:\/\/globalvillagelearning.fr\/?page_id=102"},"modified":"2025-04-27T12:20:22","modified_gmt":"2025-04-27T10:20:22","slug":"notre-pedagogie","status":"publish","type":"page","link":"https:\/\/globalvillagelearning.fr\/index.php\/notre-pedagogie\/","title":{"rendered":"Notre P\u00e9dagogie"},"content":{"rendered":"<p>[et_pb_section fb_built=\u00a0\u00bb1&Prime; fullwidth=\u00a0\u00bbon\u00a0\u00bb _builder_version=\u00a0\u00bb4.4.6&Prime; height=\u00a0\u00bb480px\u00a0\u00bb][et_pb_fullwidth_image src=\u00a0\u00bbhttps:\/\/globalvillagelearning.fr\/wp-content\/uploads\/2020\/05\/P\u00e9dagogie-g\u00e9n\u00e9rique.jpg\u00a0\u00bb title_text=\u00a0\u00bbP\u00e9dagogie g\u00e9n\u00e9rique\u00a0\u00bb _builder_version=\u00a0\u00bb4.4.6&Prime;][\/et_pb_fullwidth_image][\/et_pb_section][et_pb_section fb_built=\u00a0\u00bb1&Prime; _builder_version=\u00a0\u00bb4.4.6&Prime;][et_pb_row _builder_version=\u00a0\u00bb4.4.6&Prime; custom_margin=\u00a0\u00bb-20px||||false|false\u00a0\u00bb][et_pb_column type=\u00a0\u00bb4_4&Prime; _builder_version=\u00a0\u00bb4.4.6&Prime;][et_pb_text _builder_version=\u00a0\u00bb4.4.6&Prime; text_text_color=\u00a0\u00bb#285A84&Prime; text_font_size=\u00a0\u00bb38px\u00a0\u00bb header_line_height=\u00a0\u00bb2.8em\u00a0\u00bb width=\u00a0\u00bb100%\u00a0\u00bb module_alignment=\u00a0\u00bbcenter\u00a0\u00bb custom_padding=\u00a0\u00bb||1px||false|false\u00a0\u00bb]<\/p>\n<p style=\"text-align: center;\">Notre p\u00e9dagogie repose sur 5 piliers<\/p>\n<p>[\/et_pb_text][\/et_pb_column][\/et_pb_row][et_pb_row column_structure=\u00a0\u00bb1_2,1_2&Prime; _builder_version=\u00a0\u00bb4.4.6&Prime;][et_pb_column type=\u00a0\u00bb1_2&Prime; _builder_version=\u00a0\u00bb4.4.6&Prime;][et_pb_image src=\u00a0\u00bbhttps:\/\/globalvillagelearning.fr\/wp-content\/uploads\/2020\/05\/Immersion.jpg\u00a0\u00bb title_text=\u00a0\u00bbImmersion\u00a0\u00bb _builder_version=\u00a0\u00bb4.4.6&Prime;][\/et_pb_image][\/et_pb_column][et_pb_column type=\u00a0\u00bb1_2&Prime; _builder_version=\u00a0\u00bb4.4.6&Prime;][et_pb_text _builder_version=\u00a0\u00bb4.4.6&Prime; custom_padding=\u00a0\u00bb||0px|||\u00a0\u00bb]<\/p>\n<h3><strong>L&rsquo;oral, l&rsquo;oral, l&rsquo;oral et l&rsquo;immersion 100%<\/strong><\/h3>\n<p>[\/et_pb_text][et_pb_text _builder_version=\u00a0\u00bb4.4.6&Prime;]<\/p>\n<p style=\"text-align: justify;\">Une langue vivante est avant tout faite pour \u00eatre parl\u00e9e. Elle s&rsquo;apprend en \u00e9coutant et en parlant &#8211; comme le font tous les enfants entre 0 et 30 mois en observant leurs parents. C&rsquo;est pour cela que <strong>l&rsquo;oral<\/strong> est au coeur de notre p\u00e9dagogie des langues.<\/p>\n<p style=\"text-align: justify;\">Nos professeurs sont \u00ab\u00a0Native English\u00a0\u00bb et sont capables de transmettre les sons, les expressions, le rythme de la langue dans leurs versions originales.<\/p>\n<p style=\"text-align: justify;\">Les \u00e9l\u00e8ves s&rsquo;expriment ainsi d&#8217;embl\u00e9e avec une bonne prononciation et \u00e9tablissent un lien de confiance avec la langue.<\/p>\n<p style=\"text-align: justify;\">L&rsquo;essentiel de nos cours est dispens\u00e9 en anglais. Nous ne faisons absolument aucune traduction avant 7 ans car les enfants sont capables d\u2019apprendre directement. Dans les autres cours, nous n&rsquo;utilisons le fran\u00e7ais qu&rsquo;exceptionnellement pour des points techniques (grammaire par exemple). Cette <strong>immersion 100%<\/strong> est capitale car elle recr\u00e9e l\u2019\u00e9cosyst\u00e8me de la langue maternelle.<\/p>\n<p>[\/et_pb_text][\/et_pb_column][\/et_pb_row][et_pb_row column_structure=\u00a0\u00bb1_2,1_2&Prime; _builder_version=\u00a0\u00bb4.4.6&Prime;][et_pb_column type=\u00a0\u00bb1_2&Prime; _builder_version=\u00a0\u00bb4.4.6&Prime;][et_pb_text _builder_version=\u00a0\u00bb4.4.6&Prime; min_height=\u00a0\u00bb2px\u00a0\u00bb custom_padding=\u00a0\u00bb||21px|||\u00a0\u00bb]<\/p>\n<h3><strong>La p\u00e9dagogie invers\u00e9e<\/strong><\/h3>\n<p>[\/et_pb_text][et_pb_text _builder_version=\u00a0\u00bb4.4.6&Prime;]<\/p>\n<p style=\"text-align: justify;\">Le cours magistral n\u2019est pas adapt\u00e9 \u00e0 l\u2019enseignement des langues vivantes qui doivent s\u2019apprendre d\u2019abord \u00e0 l\u2019oral. C\u2019est pour cela que nous pratiquons <strong>la p\u00e9dagogie invers\u00e9e,\u00a0<\/strong>m\u00e9thode qui rend l&rsquo;\u00e9l\u00e8ve acteur de son apprentissage.<\/p>\n<p style=\"text-align: justify;\">Dans un premier temps, l\u2019\u00e9l\u00e8ve prend connaissance de sa le\u00e7on \u00e0 la maison. Pour les jeunes enfants, il s&rsquo;agira d&rsquo;\u00e9couter des chansons ou des histoires 20 mn par jour pour s&rsquo;impr\u00e9gner de la nouvelle langue- l&rsquo;implication des parents est alors incontournable.<\/p>\n<p style=\"text-align: justify;\">Dans un deuxi\u00e8me temps, l&rsquo;\u00e9l\u00e8ve pratique en classe avec son professeur, et s&rsquo;approprie les sons, le vocabulaire et les phrases.<\/p>\n<p>[\/et_pb_text][\/et_pb_column][et_pb_column type=\u00a0\u00bb1_2&Prime; _builder_version=\u00a0\u00bb4.4.6&Prime;][et_pb_image src=\u00a0\u00bbhttps:\/\/globalvillagelearning.fr\/wp-content\/uploads\/2020\/05\/FlippedClassroom.jpg\u00a0\u00bb title_text=\u00a0\u00bbFlippedClassroom\u00a0\u00bb _builder_version=\u00a0\u00bb4.4.6&Prime;][\/et_pb_image][\/et_pb_column][\/et_pb_row][et_pb_row column_structure=\u00a0\u00bb1_2,1_2&Prime; _builder_version=\u00a0\u00bb4.4.6&Prime; module_alignment=\u00a0\u00bbcenter\u00a0\u00bb custom_margin=\u00a0\u00bb|215px||auto||\u00a0\u00bb][et_pb_column type=\u00a0\u00bb1_2&Prime; _builder_version=\u00a0\u00bb4.4.6&Prime;][et_pb_image src=\u00a0\u00bbhttps:\/\/globalvillagelearning.fr\/wp-content\/uploads\/2020\/06\/OpenSource.jpg\u00a0\u00bb title_text=\u00a0\u00bbOpenSource\u00a0\u00bb _builder_version=\u00a0\u00bb4.4.6&Prime;][\/et_pb_image][\/et_pb_column][et_pb_column type=\u00a0\u00bb1_2&Prime; _builder_version=\u00a0\u00bb4.4.6&Prime;][et_pb_text _builder_version=\u00a0\u00bb4.4.6&Prime;]<\/p>\n<h3><strong>Apprendre dans un monde \u00ab\u00a0open source\u00a0\u00bb<\/strong><\/h3>\n<p>[\/et_pb_text][et_pb_text _builder_version=\u00a0\u00bb4.4.6&Prime;]<\/p>\n<p style=\"text-align: justify;\">Internet est une formidable opportunit\u00e9 pour l\u2019apprentissage des langues: les ressources sont quasi-infinies, bien souvent d&rsquo;excellente qualit\u00e9, et parfois m\u00eame gratuites.<\/p>\n<p style=\"text-align: justify;\">Aussi nous appuyons-nous sur une <strong>multitude d\u2019outils p\u00e9dagogiques<\/strong> d\u00e9j\u00e0 existants (chansons, flash cards, articles de journaux, vid\u00e9os \u2026) que nous s\u00e9lectionnons et incorporons dans les le\u00e7ons.<\/p>\n<p style=\"text-align: justify;\">Bien s\u00fbr le digital ne suffit pas, car les \u00e9l\u00e8ves ont besoin de<strong> l\u2019attention de l\u2019enseignant<\/strong> et de stimulations pour focaliser et progresser. Mais Internet enrichit \u00e9norm\u00e9ment les contenus et accro\u00eet consid\u00e9rablement l&rsquo;attractivit\u00e9 des cours.<\/p>\n<p>[\/et_pb_text][\/et_pb_column][\/et_pb_row][et_pb_row column_structure=\u00a0\u00bb1_2,1_2&Prime; _builder_version=\u00a0\u00bb4.4.6&Prime;][et_pb_column type=\u00a0\u00bb1_2&Prime; _builder_version=\u00a0\u00bb4.4.6&Prime;][et_pb_text _builder_version=\u00a0\u00bb4.4.6&Prime;]<\/p>\n<h3><strong>Gamification et n<\/strong><strong>ouvelles technologies\u00a0<\/strong><\/h3>\n<p>[\/et_pb_text][et_pb_text _builder_version=\u00a0\u00bb4.4.6&Prime;]<\/p>\n<p style=\"text-align: justify;\">Les activit\u00e9s ludiques sont un levier extr\u00eamement puissant de l\u2019apprentissage chez les enfants.<\/p>\n<p style=\"text-align: justify;\">Nous utilisons les <strong>jeux traditionnels<\/strong> (jeu de plateaux, cartes, &#8230;) mais \u00e9galement toutes les ressources qu&rsquo;offre le digital.<\/p>\n<p style=\"text-align: justify;\">Les <strong>nouvelles technologies<\/strong> permettent en effet de d\u00e9multiplier les occasions d&rsquo;apprendre et de s\u2019entra\u00eener. Elles permettent \u00e9galement l&rsquo;utilisation d&rsquo;outils d&rsquo;apprentissage adaptatifs et personnalis\u00e9s et de <strong>gamification<\/strong>.<\/p>\n<p style=\"text-align: justify;\">Nous adorons surprendre les enfants en leur donnant l&rsquo;occasion d&rsquo;apprendre l&rsquo;anglais sur leur compagnon digital !<\/p>\n<p><span><\/span><\/p>\n<p><span><\/span><\/p>\n<p><span><\/span><\/p>\n<div class=\"et_pb_text_inner\">\n<div data-shortcode-id=\"1.2.0.1-1591878860246\" data-quickaccess-editable=\"yes\" class=\"et-fb-popover-tinymce\">\n<div class=\"mce-content-body\" contenteditable=\"true\">\n<p>&nbsp;<\/p>\n<\/div>\n<\/div>\n<\/div>\n<p>[\/et_pb_text][\/et_pb_column][et_pb_column type=\u00a0\u00bb1_2&Prime; _builder_version=\u00a0\u00bb4.4.6&Prime;][et_pb_image src=\u00a0\u00bbhttps:\/\/globalvillagelearning.fr\/wp-content\/uploads\/2020\/05\/Gamification-5.jpg\u00a0\u00bb title_text=\u00a0\u00bbGamification\u00a0\u00bb _builder_version=\u00a0\u00bb4.4.6&Prime;][\/et_pb_image][\/et_pb_column][\/et_pb_row][et_pb_row column_structure=\u00a0\u00bb1_2,1_2&Prime; _builder_version=\u00a0\u00bb4.4.6&Prime;][et_pb_column type=\u00a0\u00bb1_2&Prime; _builder_version=\u00a0\u00bb4.4.6&Prime;][et_pb_image src=\u00a0\u00bbhttps:\/\/globalvillagelearning.fr\/wp-content\/uploads\/2020\/05\/Education-positive.jpg\u00a0\u00bb title_text=\u00a0\u00bbEducation positive\u00a0\u00bb _builder_version=\u00a0\u00bb4.4.6&Prime;][\/et_pb_image][\/et_pb_column][et_pb_column type=\u00a0\u00bb1_2&Prime; _builder_version=\u00a0\u00bb4.4.6&Prime;][et_pb_text _builder_version=\u00a0\u00bb4.4.6&Prime;]<\/p>\n<h3><strong>L&rsquo;\u00e9ducation positive<\/strong><\/h3>\n<p>[\/et_pb_text][et_pb_text _builder_version=\u00a0\u00bb4.4.6&Prime; custom_padding=\u00a0\u00bb0px|||||\u00a0\u00bb]<\/p>\n<p style=\"text-align: justify;\">C&rsquo;est un apport consid\u00e9rable des neurosciences que de montrer que <strong>les syst\u00e8mes de r\u00e9compense sont \u00e0 la base de l&rsquo;apprentissage<\/strong>. Cela veut dire, en termes simples, que l&rsquo;encouragement, la reconnaissance, le plaisir sont \u00e0 la base du processus d\u2019apprentissage. Or il faut reconna\u00eetre que si certains pays ont compl\u00e8tement int\u00e9gr\u00e9 cette dimension -c&rsquo;est le cas des Etats-Unis par exemple-, d&rsquo;autres sont plus en retard.<\/p>\n<p style=\"text-align: justify;\">Dans nos cours, nous pratiquons l&rsquo;\u00e9ducation positive : syst\u00e9matiquement nous encourageons et donnons des <strong>feed back positifs.<\/strong> Quelque soit la r\u00e9ponse de l\u2019enfant, nous le remercions pour sa prise de parole par des commentaires positifs; nous le guidons ensuite vers la bonne r\u00e9ponse. Et puis nous ne perdons jamais l&rsquo;occasion de partager ensemble un bon fou rire! Ainsi l\u2019enfant prend <strong>peu \u00e0 peu confiance<\/strong> et entre dans la spirale positive de l\u2019apprentissage.<\/p>\n<p>[\/et_pb_text][\/et_pb_column][\/et_pb_row][et_pb_row column_structure=\u00a0\u00bb1_2,1_2&Prime; _builder_version=\u00a0\u00bb4.4.6&Prime;][et_pb_column type=\u00a0\u00bb1_2&Prime; _builder_version=\u00a0\u00bb4.4.6&Prime;][et_pb_image src=\u00a0\u00bbhttps:\/\/globalvillagelearning.fr\/wp-content\/uploads\/2020\/05\/Contact-us.jpg\u00a0\u00bb title_text=\u00a0\u00bbContact us\u00a0\u00bb _builder_version=\u00a0\u00bb4.4.6&Prime;][\/et_pb_image][\/et_pb_column][et_pb_column type=\u00a0\u00bb1_2&Prime; _builder_version=\u00a0\u00bb4.4.6&Prime;][et_pb_text _builder_version=\u00a0\u00bb4.4.6&Prime; custom_padding=\u00a0\u00bb||0px|||\u00a0\u00bb]<\/p>\n<h3 style=\"text-align: center;\"><strong><\/strong><\/h3>\n<h3 style=\"text-align: center;\"><strong><\/strong><\/h3>\n<h3 style=\"text-align: center;\"><strong><\/strong><\/h3>\n<h3 style=\"text-align: center;\"><strong><\/strong><\/h3>\n<h3 style=\"text-align: center;\"><strong><\/strong><\/h3>\n<h3 style=\"text-align: center;\"><strong><\/strong><\/h3>\n<h3 style=\"text-align: center;\"><strong>Contactez-nous !<\/strong><\/h3>\n<p>[\/et_pb_text][et_pb_text _builder_version=\u00a0\u00bb4.4.6&Prime; text_text_color=\u00a0\u00bb #285A84 \u00ab\u00a0]<\/p>\n<p style=\"text-align: center;\"><strong>Pour tout renseignement vous pouvez nous joindre \u00e0 :<\/strong><\/p>\n<p style=\"text-align: center;\"><strong><a href=\"mailto:gale.gerrier@globalvillagelearning.fr\">gale.gerrier@globalvillagelearning.fr<\/a><\/strong><\/p>\n<p style=\"text-align: center;\"><strong>M: 06.62.88.42.64<\/strong><\/p>\n<p>[\/et_pb_text][\/et_pb_column][\/et_pb_row][\/et_pb_section]<\/p>\n","protected":false},"excerpt":{"rendered":"<p>Notre p\u00e9dagogie repose sur 5 piliersL&rsquo;oral, l&rsquo;oral, l&rsquo;oral et l&rsquo;immersion 100%Une langue vivante est avant tout faite pour \u00eatre parl\u00e9e. Elle s&rsquo;apprend en \u00e9coutant et en parlant &#8211; comme le font tous les enfants entre 0 et 30 mois en observant leurs parents. C&rsquo;est pour cela que l&rsquo;oral est au coeur de notre p\u00e9dagogie des [&hellip;]<\/p>\n","protected":false},"author":1,"featured_media":0,"parent":0,"menu_order":3,"comment_status":"closed","ping_status":"closed","template":"","meta":{"_et_pb_use_builder":"on","_et_pb_old_content":"","_et_gb_content_width":"","footnotes":""},"class_list":["post-102","page","type-page","status-publish","hentry"],"_links":{"self":[{"href":"https:\/\/globalvillagelearning.fr\/index.php\/wp-json\/wp\/v2\/pages\/102","targetHints":{"allow":["GET"]}}],"collection":[{"href":"https:\/\/globalvillagelearning.fr\/index.php\/wp-json\/wp\/v2\/pages"}],"about":[{"href":"https:\/\/globalvillagelearning.fr\/index.php\/wp-json\/wp\/v2\/types\/page"}],"author":[{"embeddable":true,"href":"https:\/\/globalvillagelearning.fr\/index.php\/wp-json\/wp\/v2\/users\/1"}],"replies":[{"embeddable":true,"href":"https:\/\/globalvillagelearning.fr\/index.php\/wp-json\/wp\/v2\/comments?post=102"}],"version-history":[{"count":37,"href":"https:\/\/globalvillagelearning.fr\/index.php\/wp-json\/wp\/v2\/pages\/102\/revisions"}],"predecessor-version":[{"id":729,"href":"https:\/\/globalvillagelearning.fr\/index.php\/wp-json\/wp\/v2\/pages\/102\/revisions\/729"}],"wp:attachment":[{"href":"https:\/\/globalvillagelearning.fr\/index.php\/wp-json\/wp\/v2\/media?parent=102"}],"curies":[{"name":"wp","href":"https:\/\/api.w.org\/{rel}","templated":true}]}}