{"id":109,"date":"2020-05-13T15:16:26","date_gmt":"2020-05-13T13:16:26","guid":{"rendered":"http:\/\/globalvillagelearning.fr\/?page_id=109"},"modified":"2025-04-27T12:18:10","modified_gmt":"2025-04-27T10:18:10","slug":"qui-sommes-nous","status":"publish","type":"page","link":"https:\/\/globalvillagelearning.fr\/index.php\/qui-sommes-nous\/","title":{"rendered":"Qui sommes nous ?"},"content":{"rendered":"<p>[et_pb_section fb_built=\u00a0\u00bb1&Prime; fullwidth=\u00a0\u00bbon\u00a0\u00bb _builder_version=\u00a0\u00bb4.4.6&Prime; height=\u00a0\u00bb480px\u00a0\u00bb height_tablet=\u00a0\u00bb\u00a0\u00bb height_phone=\u00a0\u00bb\u00a0\u00bb height_last_edited=\u00a0\u00bbon|desktop\u00a0\u00bb max_height_tablet=\u00a0\u00bb\u00a0\u00bb max_height_phone=\u00a0\u00bb\u00a0\u00bb max_height_last_edited=\u00a0\u00bbon|desktop\u00a0\u00bb][et_pb_fullwidth_image src=\u00a0\u00bbhttps:\/\/globalvillagelearning.fr\/wp-content\/uploads\/2020\/06\/gale-qsn-paysage.jpg\u00a0\u00bb title_text=\u00a0\u00bbgale qsn paysage\u00a0\u00bb _builder_version=\u00a0\u00bb4.4.6&Prime;][\/et_pb_fullwidth_image][\/et_pb_section][et_pb_section fb_built=\u00a0\u00bb1&Prime; _builder_version=\u00a0\u00bb4.4.6&Prime;][et_pb_row _builder_version=\u00a0\u00bb4.4.6&Prime;][et_pb_column type=\u00a0\u00bb4_4&Prime; _builder_version=\u00a0\u00bb4.4.6&Prime;][et_pb_text _builder_version=\u00a0\u00bb4.4.6&Prime; text_text_color=\u00a0\u00bb#285A84&Prime; text_font_size=\u00a0\u00bb38px\u00a0\u00bb header_line_height=\u00a0\u00bb2.8em\u00a0\u00bb width=\u00a0\u00bb100%\u00a0\u00bb module_alignment=\u00a0\u00bbcenter\u00a0\u00bb custom_margin=\u00a0\u00bb-20px||||false|false\u00a0\u00bb custom_padding=\u00a0\u00bb||1px||false|false\u00a0\u00bb]<\/p>\n<p style=\"text-align: center;\">Une envie de transmettre<\/p>\n<p>[\/et_pb_text][\/et_pb_column][\/et_pb_row][et_pb_row _builder_version=\u00a0\u00bb4.4.6&Prime;][et_pb_column type=\u00a0\u00bb4_4&Prime; _builder_version=\u00a0\u00bb4.4.6&Prime;][et_pb_text _builder_version=\u00a0\u00bb4.4.6&Prime;]<\/p>\n<p style=\"text-align: justify;\">Tout a commenc\u00e9 pendant la grossesse de ma premi\u00e8re fille, Lou, quand je me suis int\u00e9ress\u00e9e \u00e0 l\u2019\u00e9ducation des enfants bilingues\u00a0: je suis Singapourienne et mon mari, Antoine, est Fran\u00e7ais. En tant que jeunes parents, nous avions de nombreuses questions sur l\u2019\u00e9ducation de nos enfants dans une double culture. \u00a0D\u2019autant plus que nous encha\u00eenions les d\u00e9m\u00e9nagements : apr\u00e8s Paris, Hong-Kong, Singapour, Kuala Lumpur, Djakarta \u2026 Finalement, apr\u00e8s avoir \u00e9pluch\u00e9s la litt\u00e9rature sur le sujet, nous avons d\u00e9cid\u00e9 que chacun parlerait avec les enfants sa propre langue maternelle. \u00c7a a march\u00e9\u00a0! J\u2019\u00e9tais fascin\u00e9e par la capacit\u00e9 du jeune cerveau de Lou \u00e0 passer d&rsquo;une langue \u00e0 l&rsquo;autre sans effort. Je suis encore \u00e9mue lorsque je me rem\u00e9more le jour o\u00f9, \u00e0 Hong-Kong, \u00e0 deux ans et demi, elle a dit\u00a0: \u00ab\u00a0Regarde Papa, un avion\u00a0\u00bb\u00a0; puis se tournant vers moi \u00ab\u00a0Look Mom, an airplane\u00bb\u00a0!<\/p>\n<p style=\"text-align: justify;\">C\u2019est \u00e0 Kuala Lumpur que ma carri\u00e8re de prof d\u2019anglais a commenc\u00e9\u00a0! En effet, apr\u00e8s 12 ans d\u2019aventure professionnelle passionnante dans la banque d\u2019investissement, devenant m\u00e8re pour la troisi\u00e8me fois, je d\u00e9cidais de clore ce chapitre de ma vie et de me lancer dans un nouveau d\u00e9fi. Convaincue que, dans un monde devenu \u00ab\u00a0village global\u00a0\u00bb, l\u2019anglais \u00e9tait une comp\u00e9tence cl\u00e9, je commen\u00e7ais \u00e0 enseigner des rudiments d\u2019anglais \u00e0 de jeunes r\u00e9fugi\u00e9s Birmans. L\u2019exp\u00e9rience se\u00a0 poursuivit \u00e0 Djakarta o\u00f9 j\u2019enseignais dans un centre d\u2019accueil d\u2019enfants des rues et au Lyc\u00e9e Fran\u00e7ais.<\/p>\n<p style=\"text-align: justify;\">Finalement, la carri\u00e8re d\u2019Antoine nous ramena en France. En m\u2019immergeant dans la vie sociale et culturelle fran\u00e7aise, je r\u00e9alisais qu\u2019\u00eatre bilingue n\u2019\u00e9tait pas si fr\u00e9quent et que beaucoup de jeunes Fran\u00e7ais n\u2019\u00e9taient pas \u00e0 l\u2019aise en anglais, en particulier \u00e0 l\u2019oral. Je d\u00e9couvrais que c\u2019\u00e9tait aussi le cas de beaucoup d\u2019adultes qui tout en ayant des bases solides, manquaient de confiance et de fluidit\u00e9. C\u2019est ainsi que j\u2019ai commenc\u00e9 \u00e0 donner des cours d\u2019anglais aux enfants et aux adultes \u00e0 Villennes et ses alentours.\u00a0<\/p>\n<p style=\"text-align: justify;\">J\u2019ai d\u00e9couvert que j\u2019aimais vraiment enseigner.\u00a0 Au fur et \u00e0 mesure des ann\u00e9es, nous avons fait la synth\u00e8se de nos \u00e9ducations \u00e0 Singapour et \u00e0 Paris, de nos \u00e9tudes \u00e0 la London School of Economics and Political Science et \u00e0 Sciences Po, de nos lectures des grands linguistes classiques tels Roman Jacobson et Claude Hag\u00e8ge, d\u2019exp\u00e9riences p\u00e9dagogiques novatrices comme la Khan Academy, de l\u2019apport des neurosciences dans l\u2019\u00e9ducation et, bien s\u00fbr, de tous ces incroyables moments pass\u00e9s avec mes \u00e9l\u00e8ves\u00a0; c\u2019est toute cette mati\u00e8re qui nous a permis de cr\u00e9er la p\u00e9dagogie que j\u2019utilise aujourd\u2019hui et que je souhaite partager avec mes \u00e9l\u00e8ves afin qu&rsquo;ils puissent progresser en anglais.<\/p>\n<p>[\/et_pb_text][\/et_pb_column][\/et_pb_row][et_pb_row column_structure=\u00a0\u00bb1_2,1_2&Prime; _builder_version=\u00a0\u00bb4.4.6&Prime;][et_pb_column type=\u00a0\u00bb1_2&Prime; _builder_version=\u00a0\u00bb4.4.6&Prime;][et_pb_image src=\u00a0\u00bbhttps:\/\/globalvillagelearning.fr\/wp-content\/uploads\/2020\/05\/Contact-us.jpg\u00a0\u00bb title_text=\u00a0\u00bbContact us\u00a0\u00bb _builder_version=\u00a0\u00bb4.4.6&Prime;][\/et_pb_image][\/et_pb_column][et_pb_column type=\u00a0\u00bb1_2&Prime; _builder_version=\u00a0\u00bb4.4.6&Prime;][et_pb_text _builder_version=\u00a0\u00bb4.4.6&Prime; custom_padding=\u00a0\u00bb||0px|||\u00a0\u00bb]<\/p>\n<h3 style=\"text-align: center;\"><strong><\/strong><\/h3>\n<h3 style=\"text-align: center;\"><strong><\/strong><\/h3>\n<h3 style=\"text-align: center;\"><strong><\/strong><\/h3>\n<h3 style=\"text-align: center;\"><strong><\/strong><\/h3>\n<h3 style=\"text-align: center;\"><strong><\/strong><\/h3>\n<h3 style=\"text-align: center;\"><strong><\/strong><\/h3>\n<h3 style=\"text-align: center;\"><strong>Contactez-nous !<\/strong><\/h3>\n<p>[\/et_pb_text][et_pb_text _builder_version=\u00a0\u00bb4.4.6&Prime; text_text_color=\u00a0\u00bb #285A84 \u00ab\u00a0]<\/p>\n<p style=\"text-align: center;\"><strong>Pour tout renseignement vous pouvez nous joindre \u00e0 :<\/strong><\/p>\n<p style=\"text-align: center;\"><strong><a href=\"mailto:gale.gerrier@globalvillagelearning.fr\">gale.gerrier@globalvillagelearning.fr<\/a><\/strong><\/p>\n<p style=\"text-align: center;\"><strong>M: 06.62.88.42.64<\/strong><\/p>\n<p>[\/et_pb_text][\/et_pb_column][\/et_pb_row][\/et_pb_section]<\/p>\n","protected":false},"excerpt":{"rendered":"<p>Une envie de transmettreTout a commenc\u00e9 pendant la grossesse de ma premi\u00e8re fille, Lou, quand je me suis int\u00e9ress\u00e9e \u00e0 l\u2019\u00e9ducation des enfants bilingues\u00a0: je suis Singapourienne et mon mari, Antoine, est Fran\u00e7ais. En tant que jeunes parents, nous avions de nombreuses questions sur l\u2019\u00e9ducation de nos enfants dans une double culture. \u00a0D\u2019autant plus que [&hellip;]<\/p>\n","protected":false},"author":1,"featured_media":0,"parent":0,"menu_order":1,"comment_status":"closed","ping_status":"closed","template":"","meta":{"_et_pb_use_builder":"on","_et_pb_old_content":"","_et_gb_content_width":"","footnotes":""},"class_list":["post-109","page","type-page","status-publish","hentry"],"_links":{"self":[{"href":"https:\/\/globalvillagelearning.fr\/index.php\/wp-json\/wp\/v2\/pages\/109","targetHints":{"allow":["GET"]}}],"collection":[{"href":"https:\/\/globalvillagelearning.fr\/index.php\/wp-json\/wp\/v2\/pages"}],"about":[{"href":"https:\/\/globalvillagelearning.fr\/index.php\/wp-json\/wp\/v2\/types\/page"}],"author":[{"embeddable":true,"href":"https:\/\/globalvillagelearning.fr\/index.php\/wp-json\/wp\/v2\/users\/1"}],"replies":[{"embeddable":true,"href":"https:\/\/globalvillagelearning.fr\/index.php\/wp-json\/wp\/v2\/comments?post=109"}],"version-history":[{"count":28,"href":"https:\/\/globalvillagelearning.fr\/index.php\/wp-json\/wp\/v2\/pages\/109\/revisions"}],"predecessor-version":[{"id":728,"href":"https:\/\/globalvillagelearning.fr\/index.php\/wp-json\/wp\/v2\/pages\/109\/revisions\/728"}],"wp:attachment":[{"href":"https:\/\/globalvillagelearning.fr\/index.php\/wp-json\/wp\/v2\/media?parent=109"}],"curies":[{"name":"wp","href":"https:\/\/api.w.org\/{rel}","templated":true}]}}