{"id":132,"date":"2020-05-18T10:41:03","date_gmt":"2020-05-18T08:41:03","guid":{"rendered":"http:\/\/globalvillagelearning.fr\/?page_id=132"},"modified":"2025-04-27T12:21:27","modified_gmt":"2025-04-27T10:21:27","slug":"les-cours-particuliers","status":"publish","type":"page","link":"https:\/\/globalvillagelearning.fr\/index.php\/les-cours-particuliers\/","title":{"rendered":"Les cours particuliers"},"content":{"rendered":"<p>[et_pb_section fb_built=\u00a0\u00bb1&Prime; fullwidth=\u00a0\u00bbon\u00a0\u00bb _builder_version=\u00a0\u00bb4.4.6&Prime; height=\u00a0\u00bb480px\u00a0\u00bb][et_pb_fullwidth_image src=\u00a0\u00bbhttps:\/\/globalvillagelearning.fr\/wp-content\/uploads\/2020\/05\/Cours-particulier-g\u00e9n\u00e9rique.jpg\u00a0\u00bb title_text=\u00a0\u00bbCours particulier g\u00e9n\u00e9rique\u00a0\u00bb _builder_version=\u00a0\u00bb4.4.6&Prime; custom_margin=\u00a0\u00bb||-286px|||\u00a0\u00bb custom_padding=\u00a0\u00bb0px||0px|||\u00a0\u00bb][\/et_pb_fullwidth_image][\/et_pb_section][et_pb_section fb_built=\u00a0\u00bb1&Prime; _builder_version=\u00a0\u00bb4.4.6&Prime; min_height=\u00a0\u00bb931px\u00a0\u00bb custom_margin=\u00a0\u00bb-1px|||||\u00a0\u00bb][et_pb_row _builder_version=\u00a0\u00bb4.4.6&Prime;][et_pb_column type=\u00a0\u00bb4_4&Prime; _builder_version=\u00a0\u00bb4.4.6&Prime;][et_pb_text _builder_version=\u00a0\u00bb4.4.6&Prime; text_text_color=\u00a0\u00bb#285a84&Prime; text_font_size=\u00a0\u00bb38px\u00a0\u00bb header_line_height=\u00a0\u00bb2.8em\u00a0\u00bb width=\u00a0\u00bb100%\u00a0\u00bb custom_margin=\u00a0\u00bb-20px||||false|false\u00a0\u00bb custom_padding=\u00a0\u00bb0px||0px||false|false\u00a0\u00bb]<\/p>\n<p style=\"text-align: center;\">Une r\u00e9ponse personnalis\u00e9e aux besoins de chacun<\/p>\n<p>[\/et_pb_text][\/et_pb_column][\/et_pb_row][et_pb_row column_structure=\u00a0\u00bb1_2,1_2&Prime; _builder_version=\u00a0\u00bb4.4.6&Prime;][et_pb_column type=\u00a0\u00bb1_2&Prime; _builder_version=\u00a0\u00bb4.4.6&Prime;][et_pb_image src=\u00a0\u00bbhttps:\/\/globalvillagelearning.fr\/wp-content\/uploads\/2020\/05\/Cours-particulier-Zoom.jpg\u00a0\u00bb title_text=\u00a0\u00bbCours particulier Zoom\u00a0\u00bb _builder_version=\u00a0\u00bb4.4.6&Prime;][\/et_pb_image][\/et_pb_column][et_pb_column type=\u00a0\u00bb1_2&Prime; _builder_version=\u00a0\u00bb4.4.6&Prime;][et_pb_text _builder_version=\u00a0\u00bb4.4.6&Prime; custom_padding=\u00a0\u00bb||0px|||\u00a0\u00bb]<\/p>\n<h3>Les cours sur Zoom<\/h3>\n<p>[\/et_pb_text][et_pb_text _builder_version=\u00a0\u00bb4.4.6&Prime;]<\/p>\n<p>Corona virus oblige, nos cours sur Zoom sont devenus tr\u00e8s populaires &#8230;<\/p>\n<p>Pour les parents ou les professionnels, ils permettent de simplifier la logistique et d&rsquo;\u00e9conomiser un temps pr\u00e9cieux en transport&#8230;<\/p>\n<p>Quant aux enfants, il adorent voir leur professeur \u00e0 l&rsquo;\u00e9cran et apprendre l&rsquo;anglais sur leur compagnon de jeu favori !<\/p>\n<p>[\/et_pb_text][\/et_pb_column][\/et_pb_row][et_pb_row column_structure=\u00a0\u00bb1_2,1_2&Prime; _builder_version=\u00a0\u00bb4.4.6&Prime;][et_pb_column type=\u00a0\u00bb1_2&Prime; _builder_version=\u00a0\u00bb4.4.6&Prime;][et_pb_text _builder_version=\u00a0\u00bb4.4.6&Prime; custom_padding=\u00a0\u00bb||0px|||\u00a0\u00bb]<\/p>\n<h3>Les cours en pr\u00e9sentiel<\/h3>\n<p>[\/et_pb_text][et_pb_text _builder_version=\u00a0\u00bb4.4.6&Prime;]<\/p>\n<p>Dans certains cas, le cours en pr\u00e9sentiel reste la meilleure option.<\/p>\n<p>Il permet le plaisir de l&rsquo;\u00e9change \u00ab\u00a0en vrai\u00a0\u00bb qui reste incomparable; et, apr\u00e8s tout, si nous faisons l&rsquo;effort d&rsquo;apprendre une langue, c&rsquo;est bien pour aller vers l&rsquo;Autre &#8230;<\/p>\n<p>Il peut aussi permettre de mieux mobiliser la capacit\u00e9 d&rsquo;apprentissage de l&rsquo;\u00e9l\u00e8ve lors ce que celui-ci a un besoin d&rsquo;attention important.\u00a0<\/p>\n<p>Cela peut \u00eatre le cas de jeunes enfants ou de certains adolescents.<\/p>\n<p>&nbsp;<\/p>\n<p>&nbsp;<\/p>\n<p>[\/et_pb_text][\/et_pb_column][et_pb_column type=\u00a0\u00bb1_2&Prime; _builder_version=\u00a0\u00bb4.4.6&Prime;][et_pb_image src=\u00a0\u00bbhttps:\/\/globalvillagelearning.fr\/wp-content\/uploads\/2020\/05\/Cours-particulier-pr\u00e9sentiel.jpg\u00a0\u00bb title_text=\u00a0\u00bbCours particulier pr\u00e9sentiel\u00a0\u00bb _builder_version=\u00a0\u00bb4.4.6&Prime;][\/et_pb_image][\/et_pb_column][\/et_pb_row][et_pb_row _builder_version=\u00a0\u00bb4.4.6&Prime;][et_pb_column type=\u00a0\u00bb4_4&Prime; _builder_version=\u00a0\u00bb4.4.6&Prime;][et_pb_testimonial author=\u00a0\u00bbPerrine \u00a0\u00bb company_name=\u00a0\u00bbVillennes-sur-Seine\u00a0\u00bb portrait_url=\u00a0\u00bbdata:image\/svg+xml;base64,PHN2ZyB3aWR0aD0iNTAwIiBoZWlnaHQ9IjUwMCIgdmlld0JveD0iMCAwIDUwMCA1MDAiIHhtbG5zPSJodHRwOi8vd3d3LnczLm9yZy8yMDAwL3N2ZyI+CiAgICA8ZyBmaWxsPSJub25lIiBmaWxsLXJ1bGU9ImV2ZW5vZGQiPgogICAgICAgIDxwYXRoIGZpbGw9IiNFQkVCRUIiIGQ9Ik0wIDBoNTAwdjUwMEgweiIvPgogICAgICAgIDxyZWN0IGZpbGwtb3BhY2l0eT0iLjEiIGZpbGw9IiMwMDAiIHg9IjY4IiB5PSIzMDUiIHdpZHRoPSIzNjQiIGhlaWdodD0iNTY4IiByeD0iMTgyIi8+CiAgICAgICAgPGNpcmNsZSBmaWxsLW9wYWNpdHk9Ii4xIiBmaWxsPSIjMDAwIiBjeD0iMjQ5IiBjeT0iMTcyIiByPSIxMDAiLz4KICAgIDwvZz4KPC9zdmc+Cg==\u00a0\u00bb _builder_version=\u00a0\u00bb4.4.6&Prime;]<\/p>\n<p><span>Notre fils de 7 ans prend des cours d&rsquo;anglais avec Gale depuis 3 ans et il adore ! Tr\u00e8s en demande pendant le confinement, il a \u00e9galement pu exp\u00e9rimenter les cours \u00e0 distance et les a suivis avec plaisir. Gale sait parfaitement adapter sa p\u00e9dagogie en fonction des besoins de l&rsquo;enfant et de son \u00e9volution et les progr\u00e8s sont r\u00e9els. Il a par exemple, gr\u00e2ce aux cours particuliers, commenc\u00e9 \u00e0 savoir lire en anglais avant m\u00eame d&rsquo;apprendre \u00e0 le faire en fran\u00e7ais. L&rsquo;apprentissage avec Gale est une vraie chance pour notre fils : un grand THANK YOU !<\/span><\/p>\n<p>[\/et_pb_testimonial][et_pb_testimonial author=\u00a0\u00bbFlavie\u00a0\u00bb company_name=\u00a0\u00bbVillennes-sur-Seine\u00a0\u00bb portrait_url=\u00a0\u00bbdata:image\/svg+xml;base64,PHN2ZyB3aWR0aD0iNTAwIiBoZWlnaHQ9IjUwMCIgdmlld0JveD0iMCAwIDUwMCA1MDAiIHhtbG5zPSJodHRwOi8vd3d3LnczLm9yZy8yMDAwL3N2ZyI+CiAgICA8ZyBmaWxsPSJub25lIiBmaWxsLXJ1bGU9ImV2ZW5vZGQiPgogICAgICAgIDxwYXRoIGZpbGw9IiNFQkVCRUIiIGQ9Ik0wIDBoNTAwdjUwMEgweiIvPgogICAgICAgIDxyZWN0IGZpbGwtb3BhY2l0eT0iLjEiIGZpbGw9IiMwMDAiIHg9IjY4IiB5PSIzMDUiIHdpZHRoPSIzNjQiIGhlaWdodD0iNTY4IiByeD0iMTgyIi8+CiAgICAgICAgPGNpcmNsZSBmaWxsLW9wYWNpdHk9Ii4xIiBmaWxsPSIjMDAwIiBjeD0iMjQ5IiBjeT0iMTcyIiByPSIxMDAiLz4KICAgIDwvZz4KPC9zdmc+Cg==\u00a0\u00bb _builder_version=\u00a0\u00bb4.4.6&Prime;]<\/p>\n<p>Notre fille de 9 ans prend des cours avec Gale depuis qu&rsquo;elle a 5 ans (grande section). Gale est un professeur tr\u00e8s impliqu\u00e9, elle a toujours fait preuve d&rsquo;une grande p\u00e9dagogie et su cr\u00e9er une ambiance conviviale qui font que notre fille est toujours heureuse quand le jour de son cours arrive. Son niveau d&rsquo;anglais a \u00e9norm\u00e9ment progress\u00e9 en 4 ans, niveau qui a \u00e9t\u00e9 remarqu\u00e9 \u00e0 l&rsquo;\u00e9cole o\u00f9 elle superforme ses camarades. Gale utilise de nombreux supports adapt\u00e9s en fonction de l&rsquo;\u00e2ge. Gale propose \u00e9galement la pr\u00e9paration aux examens de Cambridge, un vrai plus pour la suite. Bref, un professeur d&rsquo;anglais en or!<\/p>\n<p>[\/et_pb_testimonial][et_pb_testimonial author=\u00a0\u00bbMarie-Violaine\u00a0\u00bb company_name=\u00a0\u00bbMedan\u00a0\u00bb portrait_url=\u00a0\u00bbdata:image\/svg+xml;base64,PHN2ZyB3aWR0aD0iNTAwIiBoZWlnaHQ9IjUwMCIgdmlld0JveD0iMCAwIDUwMCA1MDAiIHhtbG5zPSJodHRwOi8vd3d3LnczLm9yZy8yMDAwL3N2ZyI+CiAgICA8ZyBmaWxsPSJub25lIiBmaWxsLXJ1bGU9ImV2ZW5vZGQiPgogICAgICAgIDxwYXRoIGZpbGw9IiNFQkVCRUIiIGQ9Ik0wIDBoNTAwdjUwMEgweiIvPgogICAgICAgIDxyZWN0IGZpbGwtb3BhY2l0eT0iLjEiIGZpbGw9IiMwMDAiIHg9IjY4IiB5PSIzMDUiIHdpZHRoPSIzNjQiIGhlaWdodD0iNTY4IiByeD0iMTgyIi8+CiAgICAgICAgPGNpcmNsZSBmaWxsLW9wYWNpdHk9Ii4xIiBmaWxsPSIjMDAwIiBjeD0iMjQ5IiBjeT0iMTcyIiByPSIxMDAiLz4KICAgIDwvZz4KPC9zdmc+Cg==\u00a0\u00bb _builder_version=\u00a0\u00bb4.4.6&Prime;]<\/p>\n<div>Avec les cours d\u2019anglais notre fille Emma a fait des progr\u00e8s incroyables en tr\u00e8s peu de temps. Ce que je continue \u00e0 penser c\u2019est que l\u2019aspect ludique dans l\u2019apprentissage lui donne l\u2019envie de parler anglais. Ces super cours lui ont tout de suite apport\u00e9 le plaisir n\u00e9cessaire pour avancer. Nous avons donc choisi cette ann\u00e9e d\u2019en faire b\u00e9n\u00e9ficier notre seconde fille de CP. Un immense merci pour la qualit\u00e9 de l\u2019accompagnement.<\/div>\n<div dir=\"ltr\"><\/div>\n<div dir=\"ltr\"><span><\/span><\/div>\n<div dir=\"ltr\"><span>\u00a0<\/span><\/div>\n<div dir=\"ltr\"><\/div>\n<p>[\/et_pb_testimonial][et_pb_testimonial author=\u00a0\u00bbIsabelle\u00a0\u00bb company_name=\u00a0\u00bbVillennes sur Seine\u00a0\u00bb portrait_url=\u00a0\u00bbdata:image\/svg+xml;base64,PHN2ZyB3aWR0aD0iNTAwIiBoZWlnaHQ9IjUwMCIgdmlld0JveD0iMCAwIDUwMCA1MDAiIHhtbG5zPSJodHRwOi8vd3d3LnczLm9yZy8yMDAwL3N2ZyI+CiAgICA8ZyBmaWxsPSJub25lIiBmaWxsLXJ1bGU9ImV2ZW5vZGQiPgogICAgICAgIDxwYXRoIGZpbGw9IiNFQkVCRUIiIGQ9Ik0wIDBoNTAwdjUwMEgweiIvPgogICAgICAgIDxyZWN0IGZpbGwtb3BhY2l0eT0iLjEiIGZpbGw9IiMwMDAiIHg9IjY4IiB5PSIzMDUiIHdpZHRoPSIzNjQiIGhlaWdodD0iNTY4IiByeD0iMTgyIi8+CiAgICAgICAgPGNpcmNsZSBmaWxsLW9wYWNpdHk9Ii4xIiBmaWxsPSIjMDAwIiBjeD0iMjQ5IiBjeT0iMTcyIiByPSIxMDAiLz4KICAgIDwvZz4KPC9zdmc+Cg==\u00a0\u00bb _builder_version=\u00a0\u00bb4.4.6&Prime;]<\/p>\n<div dir=\"ltr\"><span>Mon fils de 12 ans suit les cours de Gale depuis deux ans. Il adore dialoguer avec elle et prend beaucoup de plaisir \u00e0 sa m\u00e9thode d\u2019apprentissage. Et comme il dit : \u00ab\u00a0j\u2019apprends autant en 1 s\u00e9ance avec Gale qu\u2019en 5 heures de cours !\u00a0\u00bb Bref allez-y les yeux ferm\u00e9s, elle est g\u00e9niale!<\/span><\/div>\n<p>[\/et_pb_testimonial][et_pb_testimonial author=\u00a0\u00bbEmilie \u00a0\u00bb company_name=\u00a0\u00bbVernouillet\u00a0\u00bb portrait_url=\u00a0\u00bbdata:image\/svg+xml;base64,PHN2ZyB3aWR0aD0iNTAwIiBoZWlnaHQ9IjUwMCIgdmlld0JveD0iMCAwIDUwMCA1MDAiIHhtbG5zPSJodHRwOi8vd3d3LnczLm9yZy8yMDAwL3N2ZyI+CiAgICA8ZyBmaWxsPSJub25lIiBmaWxsLXJ1bGU9ImV2ZW5vZGQiPgogICAgICAgIDxwYXRoIGZpbGw9IiNFQkVCRUIiIGQ9Ik0wIDBoNTAwdjUwMEgweiIvPgogICAgICAgIDxyZWN0IGZpbGwtb3BhY2l0eT0iLjEiIGZpbGw9IiMwMDAiIHg9IjY4IiB5PSIzMDUiIHdpZHRoPSIzNjQiIGhlaWdodD0iNTY4IiByeD0iMTgyIi8+CiAgICAgICAgPGNpcmNsZSBmaWxsLW9wYWNpdHk9Ii4xIiBmaWxsPSIjMDAwIiBjeD0iMjQ5IiBjeT0iMTcyIiByPSIxMDAiLz4KICAgIDwvZz4KPC9zdmc+Cg==\u00a0\u00bb _builder_version=\u00a0\u00bb4.4.6&Prime;]<\/p>\n<p><span>Gale est un excellent professeur , qui a beaucoup d humour et trouve toujours des sujets interessants \u00e0 aborder en fonction des enfants , ses cours sont un vrai moment plaisir pour les miens et les progr\u00e8s sont fulgurants aussi bien \u00e0 l\u2019\u00e9crit qu\u2019\u00e0 l\u2019oral.<\/span><\/p>\n<p>[\/et_pb_testimonial][\/et_pb_column][\/et_pb_row][et_pb_row column_structure=\u00a0\u00bb1_2,1_2&Prime; _builder_version=\u00a0\u00bb4.4.6&Prime;][et_pb_column type=\u00a0\u00bb1_2&Prime; _builder_version=\u00a0\u00bb4.4.6&Prime;][et_pb_image src=\u00a0\u00bbhttps:\/\/globalvillagelearning.fr\/wp-content\/uploads\/2020\/05\/Contact-us.jpg\u00a0\u00bb title_text=\u00a0\u00bbContact us\u00a0\u00bb _builder_version=\u00a0\u00bb4.4.6&Prime;][\/et_pb_image][\/et_pb_column][et_pb_column type=\u00a0\u00bb1_2&Prime; _builder_version=\u00a0\u00bb4.4.6&Prime;][et_pb_text _builder_version=\u00a0\u00bb4.4.6&Prime; custom_padding=\u00a0\u00bb||0px|||\u00a0\u00bb]<\/p>\n<h3 style=\"text-align: center;\"><strong><\/strong><\/h3>\n<h3 style=\"text-align: center;\"><strong><\/strong><\/h3>\n<h3 style=\"text-align: center;\"><strong><\/strong><\/h3>\n<h3 style=\"text-align: center;\"><strong><\/strong><\/h3>\n<h3 style=\"text-align: center;\"><strong><\/strong><\/h3>\n<h3 style=\"text-align: center;\"><strong><\/strong><\/h3>\n<h3 style=\"text-align: center;\"><strong>Contactez-nous !<\/strong><\/h3>\n<p>[\/et_pb_text][et_pb_text _builder_version=\u00a0\u00bb4.4.6&Prime; text_text_color=\u00a0\u00bb #285A84 \u00ab\u00a0]<\/p>\n<p style=\"text-align: center;\"><strong>Pour tout renseignement vous pouvez nous joindre \u00e0 :<\/strong><\/p>\n<p style=\"text-align: center;\"><strong><a href=\"mailto:gale.gerrier@globalvillagelearning.fr\">gale.gerrier@globalvillagelearning.fr<\/a><\/strong><\/p>\n<p style=\"text-align: center;\"><strong>M: 06.62.88.42.64<\/strong><\/p>\n<p>[\/et_pb_text][\/et_pb_column][\/et_pb_row][\/et_pb_section]<\/p>\n","protected":false},"excerpt":{"rendered":"<p>Une r\u00e9ponse personnalis\u00e9e aux besoins de chacunLes cours sur ZoomCorona virus oblige, nos cours sur Zoom sont devenus tr\u00e8s populaires &#8230; Pour les parents ou les professionnels, ils permettent de simplifier la logistique et d&rsquo;\u00e9conomiser un temps pr\u00e9cieux en transport&#8230; Quant aux enfants, il adorent voir leur professeur \u00e0 l&rsquo;\u00e9cran et apprendre l&rsquo;anglais sur leur [&hellip;]<\/p>\n","protected":false},"author":1,"featured_media":0,"parent":0,"menu_order":0,"comment_status":"closed","ping_status":"closed","template":"","meta":{"_et_pb_use_builder":"on","_et_pb_old_content":"","_et_gb_content_width":"","footnotes":""},"class_list":["post-132","page","type-page","status-publish","hentry"],"_links":{"self":[{"href":"https:\/\/globalvillagelearning.fr\/index.php\/wp-json\/wp\/v2\/pages\/132","targetHints":{"allow":["GET"]}}],"collection":[{"href":"https:\/\/globalvillagelearning.fr\/index.php\/wp-json\/wp\/v2\/pages"}],"about":[{"href":"https:\/\/globalvillagelearning.fr\/index.php\/wp-json\/wp\/v2\/types\/page"}],"author":[{"embeddable":true,"href":"https:\/\/globalvillagelearning.fr\/index.php\/wp-json\/wp\/v2\/users\/1"}],"replies":[{"embeddable":true,"href":"https:\/\/globalvillagelearning.fr\/index.php\/wp-json\/wp\/v2\/comments?post=132"}],"version-history":[{"count":16,"href":"https:\/\/globalvillagelearning.fr\/index.php\/wp-json\/wp\/v2\/pages\/132\/revisions"}],"predecessor-version":[{"id":730,"href":"https:\/\/globalvillagelearning.fr\/index.php\/wp-json\/wp\/v2\/pages\/132\/revisions\/730"}],"wp:attachment":[{"href":"https:\/\/globalvillagelearning.fr\/index.php\/wp-json\/wp\/v2\/media?parent=132"}],"curies":[{"name":"wp","href":"https:\/\/api.w.org\/{rel}","templated":true}]}}